{"id":42,"date":"2020-05-15T11:37:14","date_gmt":"2020-05-15T09:37:14","guid":{"rendered":"http:\/\/jeannetteladeur.de\/?page_id=42"},"modified":"2026-02-06T18:10:52","modified_gmt":"2026-02-06T17:10:52","slug":"aktuelles","status":"publish","type":"page","link":"https:\/\/jeannetteladeur.de\/en\/aktuelles\/","title":{"rendered":"News"},"content":{"rendered":"<div data-elementor-type=\"wp-page\" data-elementor-id=\"42\" class=\"elementor elementor-42\">\n\t\t\t\t\t\t<div class=\"elementor-inner\">\n\t\t\t\t<div class=\"elementor-section-wrap\">\n\t\t\t\t\t\t\t\t\t<section class=\"elementor-section elementor-top-section elementor-element elementor-element-b5003db elementor-section-stretched elementor-section-boxed elementor-section-height-default elementor-section-height-default\" data-id=\"b5003db\" data-element_type=\"section\" data-settings=\"{&quot;stretch_section&quot;:&quot;section-stretched&quot;}\">\n\t\t\t\t\t\t<div class=\"elementor-container elementor-column-gap-default\">\n\t\t\t\t\t\t\t<div class=\"elementor-row\">\n\t\t\t\t\t<div class=\"elementor-column elementor-col-100 elementor-top-column elementor-element elementor-element-6447b85\" data-id=\"6447b85\" data-element_type=\"column\">\n\t\t\t<div class=\"elementor-column-wrap elementor-element-populated\">\n\t\t\t\t\t\t\t<div class=\"elementor-widget-wrap\">\n\t\t\t\t\t\t<div class=\"elementor-element elementor-element-6724386 elementor-widget elementor-widget-heading\" data-id=\"6724386\" data-element_type=\"widget\" data-widget_type=\"heading.default\">\n\t\t\t\t<div class=\"elementor-widget-container\">\n\t\t\t<h1 class=\"elementor-heading-title elementor-size-default\">News<\/h1>\t\t<\/div>\n\t\t\t\t<\/div>\n\t\t\t\t<div class=\"elementor-element elementor-element-9f67107 elementor-widget-divider--view-line elementor-widget elementor-widget-divider\" data-id=\"9f67107\" data-element_type=\"widget\" data-widget_type=\"divider.default\">\n\t\t\t\t<div class=\"elementor-widget-container\">\n\t\t\t\t\t<div class=\"elementor-divider\">\n\t\t\t<span class=\"elementor-divider-separator\">\n\t\t\t\t\t\t<\/span>\n\t\t<\/div>\n\t\t\t\t<\/div>\n\t\t\t\t<\/div>\n\t\t\t\t<div class=\"elementor-element elementor-element-8973498 elementor-widget elementor-widget-spacer\" data-id=\"8973498\" data-element_type=\"widget\" data-widget_type=\"spacer.default\">\n\t\t\t\t<div class=\"elementor-widget-container\">\n\t\t\t\t\t<div class=\"elementor-spacer\">\n\t\t\t<div class=\"elementor-spacer-inner\"><\/div>\n\t\t<\/div>\n\t\t\t\t<\/div>\n\t\t\t\t<\/div>\n\t\t\t\t\t\t<\/div>\n\t\t\t\t\t<\/div>\n\t\t<\/div>\n\t\t\t\t\t\t\t\t<\/div>\n\t\t\t\t\t<\/div>\n\t\t<\/section>\n\t\t\t\t<section class=\"elementor-section elementor-top-section elementor-element elementor-element-d24fbfa elementor-section-stretched elementor-section-boxed elementor-section-height-default elementor-section-height-default\" data-id=\"d24fbfa\" data-element_type=\"section\" data-settings=\"{&quot;stretch_section&quot;:&quot;section-stretched&quot;}\">\n\t\t\t\t\t\t<div class=\"elementor-container elementor-column-gap-default\">\n\t\t\t\t\t\t\t<div class=\"elementor-row\">\n\t\t\t\t\t<div class=\"elementor-column elementor-col-100 elementor-top-column elementor-element elementor-element-3cbc1b1\" data-id=\"3cbc1b1\" data-element_type=\"column\">\n\t\t\t<div class=\"elementor-column-wrap elementor-element-populated\">\n\t\t\t\t\t\t\t<div class=\"elementor-widget-wrap\">\n\t\t\t\t\t\t<div class=\"elementor-element elementor-element-1d9f36a elementor-widget elementor-widget-image\" data-id=\"1d9f36a\" data-element_type=\"widget\" data-widget_type=\"image.default\">\n\t\t\t\t<div class=\"elementor-widget-container\">\n\t\t\t\t\t\t\t\t<div class=\"elementor-image\">\n\t\t\t\t\t\t\t\t\t\t\t\t<img loading=\"lazy\" decoding=\"async\" width=\"1024\" height=\"308\" src=\"https:\/\/jeannetteladeur.de\/wp-content\/uploads\/2025\/11\/josephine_lang_bild-1024x308.jpg\" class=\"attachment-large size-large\" alt=\"\" srcset=\"https:\/\/jeannetteladeur.de\/wp-content\/uploads\/2025\/11\/josephine_lang_bild-1024x308.jpg 1024w, https:\/\/jeannetteladeur.de\/wp-content\/uploads\/2025\/11\/josephine_lang_bild-300x90.jpg 300w, https:\/\/jeannetteladeur.de\/wp-content\/uploads\/2025\/11\/josephine_lang_bild-768x231.jpg 768w, https:\/\/jeannetteladeur.de\/wp-content\/uploads\/2025\/11\/josephine_lang_bild-1536x463.jpg 1536w, https:\/\/jeannetteladeur.de\/wp-content\/uploads\/2025\/11\/josephine_lang_bild-2048x617.jpg 2048w, https:\/\/jeannetteladeur.de\/wp-content\/uploads\/2025\/11\/josephine_lang_bild-18x5.jpg 18w, https:\/\/jeannetteladeur.de\/wp-content\/uploads\/2025\/11\/josephine_lang_bild-1000x301.jpg 1000w, https:\/\/jeannetteladeur.de\/wp-content\/uploads\/2025\/11\/josephine_lang_bild-230x69.jpg 230w, https:\/\/jeannetteladeur.de\/wp-content\/uploads\/2025\/11\/josephine_lang_bild-350x105.jpg 350w, https:\/\/jeannetteladeur.de\/wp-content\/uploads\/2025\/11\/josephine_lang_bild-480x145.jpg 480w\" sizes=\"(max-width: 1024px) 100vw, 1024px\" \/>\t\t\t\t\t\t\t\t\t\t\t\t\t\t<\/div>\n\t\t\t\t\t\t<\/div>\n\t\t\t\t<\/div>\n\t\t\t\t<div class=\"elementor-element elementor-element-90919af elementor-widget elementor-widget-text-editor\" data-id=\"90919af\" data-element_type=\"widget\" data-widget_type=\"text-editor.default\">\n\t\t\t\t<div class=\"elementor-widget-container\">\n\t\t\t\t\t\t\t\t<div class=\"elementor-text-editor elementor-clearfix\">\n\t\t\t\t<p style=\"text-align: center;\">T\u00fcbingen, Germany, 11 to 14 March 2026<\/p><p style=\"text-align: center;\"><strong>2nd Josephine Lang Lied Duo Competition<\/strong><\/p><p style=\"text-align: center;\">Jury member<\/p><p style=\"text-align: center;\"><a href=\"https:\/\/www.tuebingen.de\/komponistinnen\/37885.html\" target=\"_blank\" rel=\"noopener\">&gt; learn more<\/a><\/p>\t\t\t\t\t<\/div>\n\t\t\t\t\t\t<\/div>\n\t\t\t\t<\/div>\n\t\t\t\t<div class=\"elementor-element elementor-element-12561b3 elementor-widget-divider--view-line elementor-widget elementor-widget-divider\" data-id=\"12561b3\" data-element_type=\"widget\" data-widget_type=\"divider.default\">\n\t\t\t\t<div class=\"elementor-widget-container\">\n\t\t\t\t\t<div class=\"elementor-divider\">\n\t\t\t<span class=\"elementor-divider-separator\">\n\t\t\t\t\t\t<\/span>\n\t\t<\/div>\n\t\t\t\t<\/div>\n\t\t\t\t<\/div>\n\t\t\t\t<div class=\"elementor-element elementor-element-70b8cb2 elementor-widget elementor-widget-text-editor\" data-id=\"70b8cb2\" data-element_type=\"widget\" data-widget_type=\"text-editor.default\">\n\t\t\t\t<div class=\"elementor-widget-container\">\n\t\t\t\t\t\t\t\t<div class=\"elementor-text-editor elementor-clearfix\">\n\t\t\t\t<p>14 May 2026 | 6 pm<\/p><p><strong>Kammerkonzert Extra<\/strong><\/p><p>Baden State Theatre Karlsruhe<\/p><p><a href=\"https:\/\/www.staatstheater-karlsruhe.de\/programm\/info\/3686\/\" target=\"_blank\" rel=\"noopener\">&gt; learn more<\/a><\/p>\t\t\t\t\t<\/div>\n\t\t\t\t\t\t<\/div>\n\t\t\t\t<\/div>\n\t\t\t\t<div class=\"elementor-element elementor-element-454423e elementor-widget elementor-widget-spacer\" data-id=\"454423e\" data-element_type=\"widget\" data-widget_type=\"spacer.default\">\n\t\t\t\t<div class=\"elementor-widget-container\">\n\t\t\t\t\t<div class=\"elementor-spacer\">\n\t\t\t<div class=\"elementor-spacer-inner\"><\/div>\n\t\t<\/div>\n\t\t\t\t<\/div>\n\t\t\t\t<\/div>\n\t\t\t\t\t\t<\/div>\n\t\t\t\t\t<\/div>\n\t\t<\/div>\n\t\t\t\t\t\t\t\t<\/div>\n\t\t\t\t\t<\/div>\n\t\t<\/section>\n\t\t\t\t<section class=\"elementor-section elementor-top-section elementor-element elementor-element-dde3844 elementor-section-stretched elementor-section-boxed elementor-section-height-default elementor-section-height-default\" data-id=\"dde3844\" data-element_type=\"section\" data-settings=\"{&quot;stretch_section&quot;:&quot;section-stretched&quot;}\">\n\t\t\t\t\t\t<div class=\"elementor-container elementor-column-gap-default\">\n\t\t\t\t\t\t\t<div class=\"elementor-row\">\n\t\t\t\t\t<div class=\"elementor-column elementor-col-100 elementor-top-column elementor-element elementor-element-01fc16a\" data-id=\"01fc16a\" data-element_type=\"column\">\n\t\t\t<div class=\"elementor-column-wrap elementor-element-populated\">\n\t\t\t\t\t\t\t<div class=\"elementor-widget-wrap\">\n\t\t\t\t\t\t<div class=\"elementor-element elementor-element-027fbe0 elementor-widget elementor-widget-heading\" data-id=\"027fbe0\" data-element_type=\"widget\" data-widget_type=\"heading.default\">\n\t\t\t\t<div class=\"elementor-widget-container\">\n\t\t\t<h2 class=\"elementor-heading-title elementor-size-default\">Coming Soon<\/h2>\t\t<\/div>\n\t\t\t\t<\/div>\n\t\t\t\t<div class=\"elementor-element elementor-element-af7840e elementor-widget elementor-widget-text-editor\" data-id=\"af7840e\" data-element_type=\"widget\" data-widget_type=\"text-editor.default\">\n\t\t\t\t<div class=\"elementor-widget-container\">\n\t\t\t\t\t\t\t\t<div class=\"elementor-text-editor elementor-clearfix\">\n\t\t\t\t<p>MARGARETE SCHWEIKERT<\/p><p>Ausgew\u00e4hlte Lieder f\u00fcr mittlere Singstimme und Klavier<\/p><p>KRITISCHE EDITION<\/p>\t\t\t\t\t<\/div>\n\t\t\t\t\t\t<\/div>\n\t\t\t\t<\/div>\n\t\t\t\t<div class=\"elementor-element elementor-element-a47b09d elementor-widget elementor-widget-spacer\" data-id=\"a47b09d\" data-element_type=\"widget\" data-widget_type=\"spacer.default\">\n\t\t\t\t<div class=\"elementor-widget-container\">\n\t\t\t\t\t<div class=\"elementor-spacer\">\n\t\t\t<div class=\"elementor-spacer-inner\"><\/div>\n\t\t<\/div>\n\t\t\t\t<\/div>\n\t\t\t\t<\/div>\n\t\t\t\t\t\t<\/div>\n\t\t\t\t\t<\/div>\n\t\t<\/div>\n\t\t\t\t\t\t\t\t<\/div>\n\t\t\t\t\t<\/div>\n\t\t<\/section>\n\t\t\t\t<section class=\"elementor-section elementor-top-section elementor-element elementor-element-bd00706 elementor-section-full_width elementor-section-stretched elementor-section-height-default elementor-section-height-default\" data-id=\"bd00706\" data-element_type=\"section\" data-settings=\"{&quot;stretch_section&quot;:&quot;section-stretched&quot;}\">\n\t\t\t\t\t\t<div class=\"elementor-container elementor-column-gap-default\">\n\t\t\t\t\t\t\t<div class=\"elementor-row\">\n\t\t\t\t\t<div class=\"elementor-column elementor-col-100 elementor-top-column elementor-element elementor-element-f719156\" data-id=\"f719156\" data-element_type=\"column\">\n\t\t\t<div class=\"elementor-column-wrap elementor-element-populated\">\n\t\t\t\t\t\t\t<div class=\"elementor-widget-wrap\">\n\t\t\t\t\t\t<div class=\"elementor-element elementor-element-e5e802e elementor-widget elementor-widget-heading\" data-id=\"e5e802e\" data-element_type=\"widget\" data-widget_type=\"heading.default\">\n\t\t\t\t<div class=\"elementor-widget-container\">\n\t\t\t<h2 class=\"elementor-heading-title elementor-size-default\">New Publications<\/h2>\t\t<\/div>\n\t\t\t\t<\/div>\n\t\t\t\t<div class=\"elementor-element elementor-element-94d1d40 elementor-widget elementor-widget-spacer\" data-id=\"94d1d40\" data-element_type=\"widget\" data-widget_type=\"spacer.default\">\n\t\t\t\t<div class=\"elementor-widget-container\">\n\t\t\t\t\t<div class=\"elementor-spacer\">\n\t\t\t<div class=\"elementor-spacer-inner\"><\/div>\n\t\t<\/div>\n\t\t\t\t<\/div>\n\t\t\t\t<\/div>\n\t\t\t\t\t\t<\/div>\n\t\t\t\t\t<\/div>\n\t\t<\/div>\n\t\t\t\t\t\t\t\t<\/div>\n\t\t\t\t\t<\/div>\n\t\t<\/section>\n\t\t\t\t<section class=\"elementor-section elementor-top-section elementor-element elementor-element-6007e32 elementor-section-stretched elementor-section-boxed elementor-section-height-default elementor-section-height-default\" data-id=\"6007e32\" data-element_type=\"section\" data-settings=\"{&quot;stretch_section&quot;:&quot;section-stretched&quot;}\">\n\t\t\t\t\t\t<div class=\"elementor-container elementor-column-gap-default\">\n\t\t\t\t\t\t\t<div class=\"elementor-row\">\n\t\t\t\t\t<div class=\"elementor-column elementor-col-100 elementor-top-column elementor-element elementor-element-7517500\" data-id=\"7517500\" data-element_type=\"column\">\n\t\t\t<div class=\"elementor-column-wrap elementor-element-populated\">\n\t\t\t\t\t\t\t<div class=\"elementor-widget-wrap\">\n\t\t\t\t\t\t<section class=\"elementor-section elementor-inner-section elementor-element elementor-element-aae4010 elementor-section-boxed elementor-section-height-default elementor-section-height-default\" data-id=\"aae4010\" data-element_type=\"section\">\n\t\t\t\t\t\t<div class=\"elementor-container elementor-column-gap-custom\">\n\t\t\t\t\t\t\t<div class=\"elementor-row\">\n\t\t\t\t\t<div class=\"elementor-column elementor-col-33 elementor-inner-column elementor-element elementor-element-fb89d63\" data-id=\"fb89d63\" data-element_type=\"column\">\n\t\t\t<div class=\"elementor-column-wrap elementor-element-populated\">\n\t\t\t\t\t\t\t<div class=\"elementor-widget-wrap\">\n\t\t\t\t\t\t<div class=\"elementor-element elementor-element-c300f65 elementor-widget elementor-widget-image\" data-id=\"c300f65\" data-element_type=\"widget\" data-widget_type=\"image.default\">\n\t\t\t\t<div class=\"elementor-widget-container\">\n\t\t\t\t\t\t\t\t<div class=\"elementor-image\">\n\t\t\t\t\t\t\t\t\t\t\t\t<img loading=\"lazy\" decoding=\"async\" width=\"724\" height=\"1024\" src=\"https:\/\/jeannetteladeur.de\/wp-content\/uploads\/2025\/05\/Furore_Wehmut-724x1024.jpg\" class=\"attachment-large size-large\" alt=\"Wehmut im Walzertakt\" srcset=\"https:\/\/jeannetteladeur.de\/wp-content\/uploads\/2025\/05\/Furore_Wehmut-724x1024.jpg 724w, https:\/\/jeannetteladeur.de\/wp-content\/uploads\/2025\/05\/Furore_Wehmut-212x300.jpg 212w, https:\/\/jeannetteladeur.de\/wp-content\/uploads\/2025\/05\/Furore_Wehmut-768x1086.jpg 768w, https:\/\/jeannetteladeur.de\/wp-content\/uploads\/2025\/05\/Furore_Wehmut-1087x1536.jpg 1087w, https:\/\/jeannetteladeur.de\/wp-content\/uploads\/2025\/05\/Furore_Wehmut-1449x2048.jpg 1449w, https:\/\/jeannetteladeur.de\/wp-content\/uploads\/2025\/05\/Furore_Wehmut-8x12.jpg 8w, https:\/\/jeannetteladeur.de\/wp-content\/uploads\/2025\/05\/Furore_Wehmut-1000x1414.jpg 1000w, https:\/\/jeannetteladeur.de\/wp-content\/uploads\/2025\/05\/Furore_Wehmut-230x325.jpg 230w, https:\/\/jeannetteladeur.de\/wp-content\/uploads\/2025\/05\/Furore_Wehmut-350x495.jpg 350w, https:\/\/jeannetteladeur.de\/wp-content\/uploads\/2025\/05\/Furore_Wehmut-480x679.jpg 480w, https:\/\/jeannetteladeur.de\/wp-content\/uploads\/2025\/05\/Furore_Wehmut.jpg 1811w\" sizes=\"(max-width: 724px) 100vw, 724px\" \/>\t\t\t\t\t\t\t\t\t\t\t\t\t\t<\/div>\n\t\t\t\t\t\t<\/div>\n\t\t\t\t<\/div>\n\t\t\t\t<div class=\"elementor-element elementor-element-e5c5978 elementor-align-center elementor-widget elementor-widget-button\" data-id=\"e5c5978\" data-element_type=\"widget\" data-widget_type=\"button.default\">\n\t\t\t\t<div class=\"elementor-widget-container\">\n\t\t\t\t\t<div class=\"elementor-button-wrapper\">\n\t\t\t<a href=\"https:\/\/furore-verlag.de\/produkt\/wehmut-im-walzertakt-melancholy-to-the-waltz-beat-songs-for-voice-and-piano-vol-1\/#\" target=\"_blank\" class=\"elementor-button-link elementor-button elementor-size-sm\" role=\"button\">\n\t\t\t\t\t\t<span class=\"elementor-button-content-wrapper\">\n\t\t\t\t\t\t<span class=\"elementor-button-text\">&gt; learn more<\/span>\n\t\t<\/span>\n\t\t\t\t\t<\/a>\n\t\t<\/div>\n\t\t\t\t<\/div>\n\t\t\t\t<\/div>\n\t\t\t\t\t\t<\/div>\n\t\t\t\t\t<\/div>\n\t\t<\/div>\n\t\t\t\t<div class=\"elementor-column elementor-col-33 elementor-inner-column elementor-element elementor-element-d260c3a\" data-id=\"d260c3a\" data-element_type=\"column\">\n\t\t\t<div class=\"elementor-column-wrap elementor-element-populated\">\n\t\t\t\t\t\t\t<div class=\"elementor-widget-wrap\">\n\t\t\t\t\t\t<div class=\"elementor-element elementor-element-a091331 elementor-widget elementor-widget-image\" data-id=\"a091331\" data-element_type=\"widget\" data-widget_type=\"image.default\">\n\t\t\t\t<div class=\"elementor-widget-container\">\n\t\t\t\t\t\t\t\t<div class=\"elementor-image\">\n\t\t\t\t\t\t\t\t\t\t\t\t<img loading=\"lazy\" decoding=\"async\" width=\"724\" height=\"1024\" src=\"https:\/\/jeannetteladeur.de\/wp-content\/uploads\/2025\/05\/Furore_Sonne-724x1024.jpg\" class=\"attachment-large size-large\" alt=\"Hab Sonne im Herzen\" srcset=\"https:\/\/jeannetteladeur.de\/wp-content\/uploads\/2025\/05\/Furore_Sonne-724x1024.jpg 724w, https:\/\/jeannetteladeur.de\/wp-content\/uploads\/2025\/05\/Furore_Sonne-212x300.jpg 212w, https:\/\/jeannetteladeur.de\/wp-content\/uploads\/2025\/05\/Furore_Sonne-768x1086.jpg 768w, https:\/\/jeannetteladeur.de\/wp-content\/uploads\/2025\/05\/Furore_Sonne-1087x1536.jpg 1087w, https:\/\/jeannetteladeur.de\/wp-content\/uploads\/2025\/05\/Furore_Sonne-1449x2048.jpg 1449w, https:\/\/jeannetteladeur.de\/wp-content\/uploads\/2025\/05\/Furore_Sonne-8x12.jpg 8w, https:\/\/jeannetteladeur.de\/wp-content\/uploads\/2025\/05\/Furore_Sonne-1000x1414.jpg 1000w, https:\/\/jeannetteladeur.de\/wp-content\/uploads\/2025\/05\/Furore_Sonne-230x325.jpg 230w, https:\/\/jeannetteladeur.de\/wp-content\/uploads\/2025\/05\/Furore_Sonne-350x495.jpg 350w, https:\/\/jeannetteladeur.de\/wp-content\/uploads\/2025\/05\/Furore_Sonne-480x679.jpg 480w, https:\/\/jeannetteladeur.de\/wp-content\/uploads\/2025\/05\/Furore_Sonne.jpg 1811w\" sizes=\"(max-width: 724px) 100vw, 724px\" \/>\t\t\t\t\t\t\t\t\t\t\t\t\t\t<\/div>\n\t\t\t\t\t\t<\/div>\n\t\t\t\t<\/div>\n\t\t\t\t<div class=\"elementor-element elementor-element-fa45f97 elementor-align-center elementor-widget elementor-widget-button\" data-id=\"fa45f97\" data-element_type=\"widget\" data-widget_type=\"button.default\">\n\t\t\t\t<div class=\"elementor-widget-container\">\n\t\t\t\t\t<div class=\"elementor-button-wrapper\">\n\t\t\t<a href=\"https:\/\/furore-verlag.de\/produkt\/hab-sonne-im-herzen-lieder-fuer-singstimme-und-klavier-band-2\/#\" target=\"_blank\" class=\"elementor-button-link elementor-button elementor-size-sm\" role=\"button\">\n\t\t\t\t\t\t<span class=\"elementor-button-content-wrapper\">\n\t\t\t\t\t\t<span class=\"elementor-button-text\">&gt; learn more<\/span>\n\t\t<\/span>\n\t\t\t\t\t<\/a>\n\t\t<\/div>\n\t\t\t\t<\/div>\n\t\t\t\t<\/div>\n\t\t\t\t\t\t<\/div>\n\t\t\t\t\t<\/div>\n\t\t<\/div>\n\t\t\t\t<div class=\"elementor-column elementor-col-33 elementor-inner-column elementor-element elementor-element-ca2e9fe\" data-id=\"ca2e9fe\" data-element_type=\"column\">\n\t\t\t<div class=\"elementor-column-wrap elementor-element-populated\">\n\t\t\t\t\t\t\t<div class=\"elementor-widget-wrap\">\n\t\t\t\t\t\t<div class=\"elementor-element elementor-element-1293641 elementor-widget elementor-widget-image\" data-id=\"1293641\" data-element_type=\"widget\" data-widget_type=\"image.default\">\n\t\t\t\t<div class=\"elementor-widget-container\">\n\t\t\t\t\t\t\t\t<div class=\"elementor-image\">\n\t\t\t\t\t\t\t\t\t\t\t\t<img loading=\"lazy\" decoding=\"async\" width=\"724\" height=\"1024\" src=\"https:\/\/jeannetteladeur.de\/wp-content\/uploads\/2025\/11\/Schweikert_Band3-724x1024.jpg\" class=\"attachment-large size-large\" alt=\"\" srcset=\"https:\/\/jeannetteladeur.de\/wp-content\/uploads\/2025\/11\/Schweikert_Band3-724x1024.jpg 724w, https:\/\/jeannetteladeur.de\/wp-content\/uploads\/2025\/11\/Schweikert_Band3-212x300.jpg 212w, https:\/\/jeannetteladeur.de\/wp-content\/uploads\/2025\/11\/Schweikert_Band3-768x1086.jpg 768w, https:\/\/jeannetteladeur.de\/wp-content\/uploads\/2025\/11\/Schweikert_Band3-1087x1536.jpg 1087w, https:\/\/jeannetteladeur.de\/wp-content\/uploads\/2025\/11\/Schweikert_Band3-1449x2048.jpg 1449w, https:\/\/jeannetteladeur.de\/wp-content\/uploads\/2025\/11\/Schweikert_Band3-8x12.jpg 8w, https:\/\/jeannetteladeur.de\/wp-content\/uploads\/2025\/11\/Schweikert_Band3-1000x1414.jpg 1000w, https:\/\/jeannetteladeur.de\/wp-content\/uploads\/2025\/11\/Schweikert_Band3-230x325.jpg 230w, https:\/\/jeannetteladeur.de\/wp-content\/uploads\/2025\/11\/Schweikert_Band3-350x495.jpg 350w, https:\/\/jeannetteladeur.de\/wp-content\/uploads\/2025\/11\/Schweikert_Band3-480x679.jpg 480w, https:\/\/jeannetteladeur.de\/wp-content\/uploads\/2025\/11\/Schweikert_Band3.jpg 1811w\" sizes=\"(max-width: 724px) 100vw, 724px\" \/>\t\t\t\t\t\t\t\t\t\t\t\t\t\t<\/div>\n\t\t\t\t\t\t<\/div>\n\t\t\t\t<\/div>\n\t\t\t\t<div class=\"elementor-element elementor-element-31a3544 elementor-align-center elementor-widget elementor-widget-button\" data-id=\"31a3544\" data-element_type=\"widget\" data-widget_type=\"button.default\">\n\t\t\t\t<div class=\"elementor-widget-container\">\n\t\t\t\t\t<div class=\"elementor-button-wrapper\">\n\t\t\t<a href=\"https:\/\/furore-verlag.de\/produkt\/der-himmel-oeffnet-die-blaue-tuer-lieder-fuer-singstimme-und-klavier-band-3\/\" target=\"_blank\" class=\"elementor-button-link elementor-button elementor-size-sm\" role=\"button\">\n\t\t\t\t\t\t<span class=\"elementor-button-content-wrapper\">\n\t\t\t\t\t\t<span class=\"elementor-button-text\">&gt; learn more<\/span>\n\t\t<\/span>\n\t\t\t\t\t<\/a>\n\t\t<\/div>\n\t\t\t\t<\/div>\n\t\t\t\t<\/div>\n\t\t\t\t\t\t<\/div>\n\t\t\t\t\t<\/div>\n\t\t<\/div>\n\t\t\t\t\t\t\t\t<\/div>\n\t\t\t\t\t<\/div>\n\t\t<\/section>\n\t\t\t\t\t\t<\/div>\n\t\t\t\t\t<\/div>\n\t\t<\/div>\n\t\t\t\t\t\t\t\t<\/div>\n\t\t\t\t\t<\/div>\n\t\t<\/section>\n\t\t\t\t\t\t\t\t\t<\/div>\n\t\t\t<\/div>\n\t\t\t\t\t<\/div>","protected":false},"excerpt":{"rendered":"<p>Aktuelles T\u00fcbingen, 11. &#8211; 14. M\u00e4rz 2026 2. Josephine Lang-Wettbewerb f\u00fcr Lied-Duo Jurymitglied &gt; mehr erfahren 14. Mai 2026 | 18:00 Uhr [&hellip;]<\/p>","protected":false},"author":1,"featured_media":0,"parent":0,"menu_order":0,"comment_status":"closed","ping_status":"closed","template":"","meta":{"ngg_post_thumbnail":0,"footnotes":""},"class_list":["post-42","page","type-page","status-publish","hentry"],"_links":{"self":[{"href":"https:\/\/jeannetteladeur.de\/en\/wp-json\/wp\/v2\/pages\/42"}],"collection":[{"href":"https:\/\/jeannetteladeur.de\/en\/wp-json\/wp\/v2\/pages"}],"about":[{"href":"https:\/\/jeannetteladeur.de\/en\/wp-json\/wp\/v2\/types\/page"}],"author":[{"embeddable":true,"href":"https:\/\/jeannetteladeur.de\/en\/wp-json\/wp\/v2\/users\/1"}],"replies":[{"embeddable":true,"href":"https:\/\/jeannetteladeur.de\/en\/wp-json\/wp\/v2\/comments?post=42"}],"version-history":[{"count":274,"href":"https:\/\/jeannetteladeur.de\/en\/wp-json\/wp\/v2\/pages\/42\/revisions"}],"predecessor-version":[{"id":3282,"href":"https:\/\/jeannetteladeur.de\/en\/wp-json\/wp\/v2\/pages\/42\/revisions\/3282"}],"wp:attachment":[{"href":"https:\/\/jeannetteladeur.de\/en\/wp-json\/wp\/v2\/media?parent=42"}],"curies":[{"name":"wp","href":"https:\/\/api.w.org\/{rel}","templated":true}]}}