{"id":717,"date":"2021-04-17T22:14:36","date_gmt":"2021-04-17T20:14:36","guid":{"rendered":"https:\/\/jeannetteladeur.de\/?page_id=717"},"modified":"2024-12-01T21:48:41","modified_gmt":"2024-12-01T20:48:41","slug":"presse-swr","status":"publish","type":"page","link":"https:\/\/jeannetteladeur.de\/en\/presse-swr\/","title":{"rendered":"SWR"},"content":{"rendered":"<div data-elementor-type=\"wp-page\" data-elementor-id=\"717\" class=\"elementor elementor-717\">\n\t\t\t\t\t\t<div class=\"elementor-inner\">\n\t\t\t\t<div class=\"elementor-section-wrap\">\n\t\t\t\t\t\t\t\t\t<section class=\"elementor-section elementor-top-section elementor-element elementor-element-ee7e682 elementor-section-stretched elementor-section-boxed elementor-section-height-default elementor-section-height-default\" data-id=\"ee7e682\" data-element_type=\"section\" data-settings=\"{&quot;stretch_section&quot;:&quot;section-stretched&quot;}\">\n\t\t\t\t\t\t<div class=\"elementor-container elementor-column-gap-default\">\n\t\t\t\t\t\t\t<div class=\"elementor-row\">\n\t\t\t\t\t<div class=\"elementor-column elementor-col-100 elementor-top-column elementor-element elementor-element-aa69bb9\" data-id=\"aa69bb9\" data-element_type=\"column\">\n\t\t\t<div class=\"elementor-column-wrap elementor-element-populated\">\n\t\t\t\t\t\t\t<div class=\"elementor-widget-wrap\">\n\t\t\t\t\t\t<div class=\"elementor-element elementor-element-1079ba9 elementor-widget elementor-widget-heading\" data-id=\"1079ba9\" data-element_type=\"widget\" data-widget_type=\"heading.default\">\n\t\t\t\t<div class=\"elementor-widget-container\">\n\t\t\t<h1 class=\"elementor-heading-title elementor-size-default\">SWR<\/h1>\t\t<\/div>\n\t\t\t\t<\/div>\n\t\t\t\t<div class=\"elementor-element elementor-element-96ff4fa elementor-widget-divider--view-line elementor-widget elementor-widget-divider\" data-id=\"96ff4fa\" data-element_type=\"widget\" data-widget_type=\"divider.default\">\n\t\t\t\t<div class=\"elementor-widget-container\">\n\t\t\t\t\t<div class=\"elementor-divider\">\n\t\t\t<span class=\"elementor-divider-separator\">\n\t\t\t\t\t\t<\/span>\n\t\t<\/div>\n\t\t\t\t<\/div>\n\t\t\t\t<\/div>\n\t\t\t\t<div class=\"elementor-element elementor-element-6d9a1b0 elementor-widget elementor-widget-spacer\" data-id=\"6d9a1b0\" data-element_type=\"widget\" data-widget_type=\"spacer.default\">\n\t\t\t\t<div class=\"elementor-widget-container\">\n\t\t\t\t\t<div class=\"elementor-spacer\">\n\t\t\t<div class=\"elementor-spacer-inner\"><\/div>\n\t\t<\/div>\n\t\t\t\t<\/div>\n\t\t\t\t<\/div>\n\t\t\t\t\t\t<\/div>\n\t\t\t\t\t<\/div>\n\t\t<\/div>\n\t\t\t\t\t\t\t\t<\/div>\n\t\t\t\t\t<\/div>\n\t\t<\/section>\n\t\t\t\t<section class=\"elementor-section elementor-top-section elementor-element elementor-element-4dfc72b elementor-section-stretched elementor-section-boxed elementor-section-height-default elementor-section-height-default\" data-id=\"4dfc72b\" data-element_type=\"section\" data-settings=\"{&quot;stretch_section&quot;:&quot;section-stretched&quot;}\">\n\t\t\t\t\t\t<div class=\"elementor-container elementor-column-gap-default\">\n\t\t\t\t\t\t\t<div class=\"elementor-row\">\n\t\t\t\t\t<div class=\"elementor-column elementor-col-100 elementor-top-column elementor-element elementor-element-5fc382b\" data-id=\"5fc382b\" data-element_type=\"column\">\n\t\t\t<div class=\"elementor-column-wrap elementor-element-populated\">\n\t\t\t\t\t\t\t<div class=\"elementor-widget-wrap\">\n\t\t\t\t\t\t<div class=\"elementor-element elementor-element-7649e49 elementor-widget elementor-widget-text-editor\" data-id=\"7649e49\" data-element_type=\"widget\" data-widget_type=\"text-editor.default\">\n\t\t\t\t<div class=\"elementor-widget-container\">\n\t\t\t\t\t\t\t\t<div class=\"elementor-text-editor elementor-clearfix\">\n\t\t\t\t<p style=\"text-align: center;\"><a href=\"https:\/\/www.swr.de\/swr2\/musik-klassik\/musikstueck-der-woche\/schweikert-serenade-auf-dem-meer,article-swr-11576.html\" target=\"_blank\" rel=\"noopener\">Musikst\u00fcck der Woche &#8211; Serenade auf dem Meer (14.01.2013)<\/a><\/p><p style=\"text-align: center;\"><a href=\"https:\/\/www.swr.de\/swr2\/musik-klassik\/musikstueck-der-woche\/margarete-schweikert-lieder-fuer,article-swr-11574.html\" target=\"_blank\" rel=\"noopener\">Musikst\u00fcck der Woche &#8211; Lieder (30.07.2012)<\/a><\/p><p style=\"text-align: center;\"><a href=\"https:\/\/www.swr.de\/swr2\/musik-klassik\/musikstueck-der-woche\/Musikstueck-der-Woche-vom-17,article-swr-11610.html\" target=\"_blank\" rel=\"noopener\">Musikst\u00fcck der Woche &#8211; Goethe-Lieder\u00a0 (14.02.2014)<\/a><\/p>\t\t\t\t\t<\/div>\n\t\t\t\t\t\t<\/div>\n\t\t\t\t<\/div>\n\t\t\t\t\t\t<\/div>\n\t\t\t\t\t<\/div>\n\t\t<\/div>\n\t\t\t\t\t\t\t\t<\/div>\n\t\t\t\t\t<\/div>\n\t\t<\/section>\n\t\t\t\t\t\t\t\t\t<\/div>\n\t\t\t<\/div>\n\t\t\t\t\t<\/div>","protected":false},"excerpt":{"rendered":"<p>SWR Musikst\u00fcck der Woche &#8211; Serenade auf dem Meer (14.01.2013) Musikst\u00fcck der Woche &#8211; Lieder (30.07.2012) Musikst\u00fcck der Woche &#8211; Goethe-Lieder\u00a0 (14.02.2014)<\/p>","protected":false},"author":1,"featured_media":0,"parent":0,"menu_order":0,"comment_status":"closed","ping_status":"closed","template":"","meta":{"ngg_post_thumbnail":0,"footnotes":""},"class_list":["post-717","page","type-page","status-publish","hentry"],"_links":{"self":[{"href":"https:\/\/jeannetteladeur.de\/en\/wp-json\/wp\/v2\/pages\/717"}],"collection":[{"href":"https:\/\/jeannetteladeur.de\/en\/wp-json\/wp\/v2\/pages"}],"about":[{"href":"https:\/\/jeannetteladeur.de\/en\/wp-json\/wp\/v2\/types\/page"}],"author":[{"embeddable":true,"href":"https:\/\/jeannetteladeur.de\/en\/wp-json\/wp\/v2\/users\/1"}],"replies":[{"embeddable":true,"href":"https:\/\/jeannetteladeur.de\/en\/wp-json\/wp\/v2\/comments?post=717"}],"version-history":[{"count":32,"href":"https:\/\/jeannetteladeur.de\/en\/wp-json\/wp\/v2\/pages\/717\/revisions"}],"predecessor-version":[{"id":2792,"href":"https:\/\/jeannetteladeur.de\/en\/wp-json\/wp\/v2\/pages\/717\/revisions\/2792"}],"wp:attachment":[{"href":"https:\/\/jeannetteladeur.de\/en\/wp-json\/wp\/v2\/media?parent=717"}],"curies":[{"name":"wp","href":"https:\/\/api.w.org\/{rel}","templated":true}]}}